{"id":888,"date":"2025-01-08T18:44:40","date_gmt":"2025-01-08T18:44:40","guid":{"rendered":"https:\/\/ozsanmedya.com\/optomed\/?page_id=604"},"modified":"2025-01-17T14:39:45","modified_gmt":"2025-01-17T11:39:45","slug":"kurumsal","status":"publish","type":"page","link":"https:\/\/optomed.com.tr\/?page_id=888","title":{"rendered":"Kurumsal"},"content":{"rendered":"\t\t<div data-elementor-type=\"wp-page\" data-elementor-id=\"888\" class=\"elementor elementor-888\">\n\t\t\t\t\t\t<section class=\"elementor-section elementor-top-section elementor-element elementor-element-9aaa5bf elementor-section-boxed elementor-section-height-default elementor-section-height-default\" data-id=\"9aaa5bf\" data-element_type=\"section\" data-settings=\"{&quot;background_background&quot;:&quot;classic&quot;}\">\r\n\t\t\r\n\t\t\t\t\t\t\t<div class=\"elementor-container elementor-column-gap-default\">\r\n\t\t\t\t\t\t\t\t\t\t\t<div class=\"elementor-column elementor-col-50 elementor-top-column elementor-element elementor-element-33644ec\" data-id=\"33644ec\" data-element_type=\"column\">\r\n\t\t\t\t\t<div class=\"elementor-widget-wrap elementor-element-populated\">\r\n\t\t\t\t\t\t\t\t<div class=\"elementor-element elementor-element-9a7e326 mb-0 elementor-widget elementor-widget-heading\" data-id=\"9a7e326\" data-element_type=\"widget\" data-widget_type=\"heading.default\">\n\t\t\t\t<div class=\"elementor-widget-container\">\n\t\t\t\t\t<h2 class=\"elementor-heading-title elementor-size-default\">Hkk\u0131m\u0131zda<\/h2>\t\t\t\t<\/div>\n\t\t\t\t<\/div>\n\t\t\t\t<div class=\"elementor-element elementor-element-24ded11 mb-4 text-md-left text-center elementor-widget elementor-widget-porto_ultimate_heading\" data-id=\"24ded11\" data-element_type=\"widget\" data-widget_type=\"porto_ultimate_heading.default\">\n\t\t\t\t<div class=\"elementor-widget-container\">\n\t\t\t\t\t<div class=\"porto-u-heading  porto-u-ad87e2eaf3f9c495180fe0156ddf3eb0\"><div class=\"porto-u-main-heading\"><h2    style=\"margin-bottom: .8rem;\">OPTOMED Kalibrasyon;<\/h2><\/div><style>.porto-u-ad87e2eaf3f9c495180fe0156ddf3eb0.porto-u-heading{text-align:left}<\/style><\/div>\t\t\t\t<\/div>\n\t\t\t\t<\/div>\n\t\t\t\t<div class=\"elementor-element elementor-element-95519f9 elementor-widget elementor-widget-text-editor\" data-id=\"95519f9\" data-element_type=\"widget\" data-widget_type=\"text-editor.default\">\n\t\t\t\t<div class=\"elementor-widget-container\">\n\t\t\t\t\t\t\t\t\t<p><strong>OPTOMED Kalibrasyon<\/strong>, ulusal ve uluslararas\u0131 sekt\u00f6rel durumunu iyi analiz eden yap\u0131s\u0131, sekt\u00f6r\u00fcn s\u00fcrekli geli\u015fen teknolojik cihazlar\u0131na buldu\u011fu yenilik\u00e7i \u00e7\u00f6z\u00fcmler, esneklik ve dinamikli\u011fi ile k\u0131sa s\u00fcrede m\u00fc\u015fterilerinin vazge\u00e7ilmezi olmu\u015ftur.<\/p>\t\t\t\t\t\t\t\t<\/div>\n\t\t\t\t<\/div>\n\t\t\t\t<div class=\"elementor-element elementor-element-bd8fd0f elementor-widget elementor-widget-text-editor\" data-id=\"bd8fd0f\" data-element_type=\"widget\" data-widget_type=\"text-editor.default\">\n\t\t\t\t<div class=\"elementor-widget-container\">\n\t\t\t\t\t\t\t\t\t<p>Tarafs\u0131z, ba\u011f\u0131ms\u0131z, g\u00fcvenilir, gizlilik kurallar\u0131na ba\u011fl\u0131 prensipleri ve uzmanla\u015fm\u0131\u015f profesyonel kadrosu ile <strong>OPTOMED Kalibrasyon<\/strong>, m\u00fc\u015fterilerinin i\u015f ve \u00e7\u00f6z\u00fcm orta\u011f\u0131 olarak kurulu\u015flar\u0131n verimli bir \u00fcyesi olmay\u0131 hedeflemektedir.<\/p>\t\t\t\t\t\t\t\t<\/div>\n\t\t\t\t<\/div>\n\t\t\t\t\t<\/div>\r\n\t\t\t\t<\/div>\r\n\t\t\t\t<div class=\"elementor-column elementor-col-50 elementor-top-column elementor-element elementor-element-1690c0d\" data-id=\"1690c0d\" data-element_type=\"column\">\r\n\t\t\t\t\t<div class=\"elementor-widget-wrap elementor-element-populated\">\r\n\t\t\t\t\t\t\t\t<div class=\"elementor-element elementor-element-eb0f494 elementor-position-left custom-img-box elementor-vertical-align-top elementor-widget elementor-widget-image-box\" data-id=\"eb0f494\" data-element_type=\"widget\" data-widget_type=\"image-box.default\">\n\t\t\t\t<div class=\"elementor-widget-container\">\n\t\t\t\t\t<div class=\"elementor-image-box-wrapper\"><figure class=\"elementor-image-box-img\"><img fetchpriority=\"high\" decoding=\"async\" width=\"267\" height=\"323\" src=\"https:\/\/optomed.com.tr\/wp-content\/uploads\/2025\/01\/hak1.webp\" class=\"attachment-full size-full wp-image-767\" alt=\"\" \/><\/figure><div class=\"elementor-image-box-content\"><p class=\"elementor-image-box-description\">OPTOMED Kalibrasyon, optik kalibrasyonlar konusunda T\u00fcrkiye'de ISO IEC 17025 standard\u0131na uygun olarak T\u00dcRKAK taraf\u0131ndan akredite edilmi\u015f \u00f6nc\u00fc kalibrasyon laboratuvar\u0131d\u0131r.<\/p><\/div><\/div>\t\t\t\t<\/div>\n\t\t\t\t<\/div>\n\t\t\t\t<div class=\"elementor-element elementor-element-5caca5c btn-gradient btn-borders p-0  elementor-widget elementor-widget-porto_button\" data-id=\"5caca5c\" data-element_type=\"widget\" data-settings=\"{&quot;align_mobile&quot;:&quot;center&quot;}\" data-widget_type=\"porto_button.default\">\n\t\t\t\t<div class=\"elementor-widget-container\">\n\t\t\t\t\t<a aria-label=\"button\" class=\"btn btn-md btn-dark btn-borders\" href=\"https:\/\/www.portotheme.com\/wordpress\/porto\/elementor\/corporate18\/contact-us\/\"><span >\u0130nsan Kaynaklar Ba\u015fvuru<\/span><\/a>\t\t\t\t<\/div>\n\t\t\t\t<\/div>\n\t\t\t\t\t<\/div>\r\n\t\t\t\t<\/div>\r\n\t\t\t\t\t<\/div>\r\n\t\t\t\t<\/section>\r\n\t\t<div class=\"elementor-element elementor-element-5cae59d e-flex e-con-boxed e-con e-parent\" data-id=\"5cae59d\" data-element_type=\"container\">\r\n\t\t\t\t\t<div class=\"e-con-inner\">\r\n\t\t\t\t<div class=\"elementor-element elementor-element-2c8220f elementor-widget elementor-widget-text-editor\" data-id=\"2c8220f\" data-element_type=\"widget\" data-widget_type=\"text-editor.default\">\n\t\t\t\t<div class=\"elementor-widget-container\">\n\t\t\t\t\t\t\t\t\t<p><strong>OPTOMED Kalibrasyon<\/strong>, akredite olarak sundu\u011fu t\u00fcm \u00f6l\u00e7\u00fcmleme hizmetlerinde devlet desteklerinden faydalanman\u0131z\u0131 sa\u011flayarak, kaliteli hizmeti yar\u0131 yar\u0131ya fiyatlarla sunmaktad\u0131r. Detayl\u0131 bilgi i\u00e7in bizimle ileti\u015fime ge\u00e7ebilirsiniz.<\/p><p><strong>OPTOMED Kalibrasyon<\/strong>, <strong>optik kalibrasyonlar<\/strong> konusunda T\u00fcrkiye&#8217;de <strong>ISO IEC 17025<\/strong> standard\u0131na uygun olarak T\u00dcRKAK taraf\u0131ndan akredite edilmi\u015f ilk ve tek kalibrasyon laboratuvar\u0131d\u0131r.<\/p><h3><strong>Hizmet Alanlar\u0131m\u0131z<\/strong><\/h3><ul><li><strong>Spektrofotometre, Luxmetre, UV Metre, Renk Plakas\u0131, Mikroskop ve Lensmetre<\/strong> gibi optik cihazlar\u0131n kalibrasyonunda akreditasyonlu tek laboratuvar\u0131z.<\/li><li>T\u0131bbi cihazlar i\u00e7in bak\u0131m ve onar\u0131m hizmetleri, biyomedikal cihazlar\u0131n bak\u0131m\u0131 ve kalibrasyonlar\u0131, endoskopi, KBB ve \u00fcroloji optiklerinin tamiri konular\u0131nda uzman kadromuzla hizmet sunmaktay\u0131z.<\/li><\/ul><h3><strong>E\u011fitim Hizmetlerimiz<\/strong><\/h3><ul><li><strong>Kalibrasyon E\u011fitimi<\/strong><\/li><li><strong>Biyomedikal Cihaz Y\u00f6netimi<\/strong><\/li><li><strong>Y\u00f6netim Becerilerini Geli\u015ftirme<\/strong><\/li><li><strong>Stratejik Y\u00f6netim<\/strong><\/li><li><strong>Proje Y\u00f6netimi<\/strong><\/li><li><strong>Kalite E\u011fitimleri<\/strong><\/li><\/ul>\t\t\t\t\t\t\t\t<\/div>\n\t\t\t\t<\/div>\n\t\t\t\t\t<\/div>\n\t\t\t\t<\/div>\n\t\t\t\t<\/div>\n\t\t","protected":false},"excerpt":{"rendered":"<p>Hkk\u0131m\u0131zda OPTOMED Kalibrasyon; OPTOMED Kalibrasyon, ulusal ve uluslararas\u0131 sekt\u00f6rel durumunu iyi analiz eden yap\u0131s\u0131, sekt\u00f6r\u00fcn s\u00fcrekli geli\u015fen teknolojik cihazlar\u0131na buldu\u011fu yenilik\u00e7i \u00e7\u00f6z\u00fcmler, esneklik ve dinamikli\u011fi ile k\u0131sa s\u00fcrede m\u00fc\u015fterilerinin vazge\u00e7ilmezi olmu\u015ftur. Tarafs\u0131z, ba\u011f\u0131ms\u0131z, g\u00fcvenilir, gizlilik kurallar\u0131na ba\u011fl\u0131 prensipleri ve uzmanla\u015fm\u0131\u015f profesyonel kadrosu ile OPTOMED Kalibrasyon, m\u00fc\u015fterilerinin i\u015f ve \u00e7\u00f6z\u00fcm orta\u011f\u0131 olarak kurulu\u015flar\u0131n verimli bir \u00fcyesi [&hellip;]<\/p>\n","protected":false},"author":1,"featured_media":0,"parent":0,"menu_order":0,"comment_status":"closed","ping_status":"closed","template":"","meta":{"footnotes":""},"class_list":["post-888","page","type-page","status-publish","hentry"],"_links":{"self":[{"href":"https:\/\/optomed.com.tr\/index.php?rest_route=\/wp\/v2\/pages\/888","targetHints":{"allow":["GET"]}}],"collection":[{"href":"https:\/\/optomed.com.tr\/index.php?rest_route=\/wp\/v2\/pages"}],"about":[{"href":"https:\/\/optomed.com.tr\/index.php?rest_route=\/wp\/v2\/types\/page"}],"author":[{"embeddable":true,"href":"https:\/\/optomed.com.tr\/index.php?rest_route=\/wp\/v2\/users\/1"}],"replies":[{"embeddable":true,"href":"https:\/\/optomed.com.tr\/index.php?rest_route=%2Fwp%2Fv2%2Fcomments&post=888"}],"version-history":[{"count":6,"href":"https:\/\/optomed.com.tr\/index.php?rest_route=\/wp\/v2\/pages\/888\/revisions"}],"predecessor-version":[{"id":931,"href":"https:\/\/optomed.com.tr\/index.php?rest_route=\/wp\/v2\/pages\/888\/revisions\/931"}],"wp:attachment":[{"href":"https:\/\/optomed.com.tr\/index.php?rest_route=%2Fwp%2Fv2%2Fmedia&parent=888"}],"curies":[{"name":"wp","href":"https:\/\/api.w.org\/{rel}","templated":true}]}}