{"id":642,"date":"2025-01-08T19:44:08","date_gmt":"2025-01-08T19:44:08","guid":{"rendered":"https:\/\/ozsanmedya.com\/optomed\/?page_id=642"},"modified":"2025-01-08T19:44:08","modified_gmt":"2025-01-08T19:44:08","slug":"s-s-s","status":"publish","type":"page","link":"https:\/\/optomed.com.tr\/?page_id=642","title":{"rendered":"S.S.S"},"content":{"rendered":"\t\t<div data-elementor-type=\"wp-page\" data-elementor-id=\"642\" class=\"elementor elementor-642\">\n\t\t\t\t<div class=\"elementor-element elementor-element-ec0fe01 e-flex e-con-boxed e-con e-parent\" data-id=\"ec0fe01\" data-element_type=\"container\">\r\n\t\t\t\t\t<div class=\"e-con-inner\">\r\n\t\t\t\t<div class=\"elementor-element elementor-element-1ecb17e elementor-widget elementor-widget-n-accordion\" data-id=\"1ecb17e\" data-element_type=\"widget\" data-settings=\"{&quot;default_state&quot;:&quot;expanded&quot;,&quot;max_items_expended&quot;:&quot;one&quot;,&quot;n_accordion_animation_duration&quot;:{&quot;unit&quot;:&quot;ms&quot;,&quot;size&quot;:400,&quot;sizes&quot;:[]}}\" data-widget_type=\"nested-accordion.default\">\n\t\t\t\t<div class=\"elementor-widget-container\">\n\t\t\t\t\t\t\t<div class=\"e-n-accordion\" aria-label=\"Accordion. Open links with Enter or Space, close with Escape, and navigate with Arrow Keys\">\n\t\t\t\t\t\t<details id=\"e-n-accordion-item-3220\" class=\"e-n-accordion-item\" open>\n\t\t\t\t<summary class=\"e-n-accordion-item-title\" data-accordion-index=\"1\" tabindex=\"0\" aria-expanded=\"true\" aria-controls=\"e-n-accordion-item-3220\" >\n\t\t\t\t\t<span class='e-n-accordion-item-title-header'><div class=\"e-n-accordion-item-title-text\"> Metroloji ve Kalibrasyon Nedir? Ne i\u00e7in gereklidir? <\/div><\/span>\n\t\t\t\t\t\t\t<span class='e-n-accordion-item-title-icon'>\n\t\t\t<span class='e-opened' ><svg aria-hidden=\"true\" class=\"e-font-icon-svg e-fas-minus\" viewBox=\"0 0 448 512\" xmlns=\"http:\/\/www.w3.org\/2000\/svg\"><path d=\"M416 208H32c-17.67 0-32 14.33-32 32v32c0 17.67 14.33 32 32 32h384c17.67 0 32-14.33 32-32v-32c0-17.67-14.33-32-32-32z\"><\/path><\/svg><\/span>\n\t\t\t<span class='e-closed'><svg aria-hidden=\"true\" class=\"e-font-icon-svg e-fas-plus\" viewBox=\"0 0 448 512\" xmlns=\"http:\/\/www.w3.org\/2000\/svg\"><path d=\"M416 208H272V64c0-17.67-14.33-32-32-32h-32c-17.67 0-32 14.33-32 32v144H32c-17.67 0-32 14.33-32 32v32c0 17.67 14.33 32 32 32h144v144c0 17.67 14.33 32 32 32h32c17.67 0 32-14.33 32-32V304h144c17.67 0 32-14.33 32-32v-32c0-17.67-14.33-32-32-32z\"><\/path><\/svg><\/span>\n\t\t<\/span>\n\n\t\t\t\t\t\t<\/summary>\n\t\t\t\t<div role=\"region\" aria-labelledby=\"e-n-accordion-item-3220\" class=\"elementor-element elementor-element-a78396a e-con-full e-flex e-con e-child\" data-id=\"a78396a\" data-element_type=\"container\">\r\n\t\t<div role=\"region\" aria-labelledby=\"e-n-accordion-item-3220\" class=\"elementor-element elementor-element-7dbb953 e-flex e-con-boxed e-con e-child\" data-id=\"7dbb953\" data-element_type=\"container\">\r\n\t\t\t\t\t<div class=\"e-con-inner\">\r\n\t\t\t\t<div class=\"elementor-element elementor-element-45a5a72 elementor-widget elementor-widget-text-editor\" data-id=\"45a5a72\" data-element_type=\"widget\" data-widget_type=\"text-editor.default\">\n\t\t\t\t<div class=\"elementor-widget-container\">\n\t\t\t\t\t\t\t\t\t<table border=\"0\" width=\"650\" cellspacing=\"2\" cellpadding=\"2\"><tbody><tr><td class=\"style18\" height=\"100%\">Metrolojinin ve Kalibrasyonun, d\u00fcnyada ve \u00fclkemizde neden gerekli oldu\u011fu konusuna k\u0131saca temas etmekte fayda vard\u0131r. \u00d6ncelikle neden metroloji ve kalibrasyona ihtiya\u00e7 duyulmu\u015ftur ve neden duyulmak zorundad\u0131r? Bu sorular\u0131n cevab\u0131n\u0131 vermek i\u00e7in bir ka\u00e7 olay\u0131 burada zikretmekte fayda vard\u0131r. Acaba insanlar, do\u011fru \u00f6l\u00e7meyen bir t\u0131bbi te\u015fhis veya tedavi cihaz\u0131 ile muayene olmak veya tedavi olmak isterler mi? &#8211; Acaba bakkal\u0131n\u0131zdan, marketinizden ald\u0131\u011f\u0131n\u0131z,maddelerin yanl\u0131\u015f \u00f6l\u00e7en bir terazide tart\u0131lmas\u0131 n\u0131 nas\u0131l kar\u015f\u0131lars\u0131n\u0131z ? &#8211; Acaba, y\u00fckseklik g\u00f6stergesi hatal\u0131 \u00e7al\u0131\u015fan bir u\u00e7akla yolculuk etmek ister misiniz? &#8211; Acaba hangi i\u015fadam\u0131 hatal\u0131 \u00f6l\u00e7en bir cihazdan dolay\u0131 maddi ve manevi kay\u0131plar\u0131na kay\u0131ts\u0131z kalabilir? &#8211; Acaba evlerimizde kullan\u0131lan elektrik, su ve do\u011falgaz gibi hizmetlerin \u00fccretlendirilmesine esas te\u015fkil edecek olan saya\u00e7lar\u0131n hatal\u0131 \u00e7al\u0131\u015fmas\u0131n\u0131 kabullenebilirmiyiz?<\/td><\/tr><\/tbody><\/table>\t\t\t\t\t\t\t\t<\/div>\n\t\t\t\t<\/div>\n\t\t\t\t\t<\/div>\n\t\t\t\t<\/div>\n\t\t\t\t<\/div>\n\t\t\t\t\t<\/details>\n\t\t\t\t\t\t<details id=\"e-n-accordion-item-3221\" class=\"e-n-accordion-item\" >\n\t\t\t\t<summary class=\"e-n-accordion-item-title\" data-accordion-index=\"2\" tabindex=\"-1\" aria-expanded=\"false\" aria-controls=\"e-n-accordion-item-3221\" >\n\t\t\t\t\t<span class='e-n-accordion-item-title-header'><div class=\"e-n-accordion-item-title-text\"> Kalibrasyon ve deney laboratuvarlar\u0131 ile \u00fcr\u00fcn\/hizmet, sistem ve personel belgelendirmesi yapan kurulu\u015flar\u0131n akredite olma zorunlulu\u011fu var m\u0131d\u0131r? <\/div><\/span>\n\t\t\t\t\t\t\t<span class='e-n-accordion-item-title-icon'>\n\t\t\t<span class='e-opened' ><svg aria-hidden=\"true\" class=\"e-font-icon-svg e-fas-minus\" viewBox=\"0 0 448 512\" xmlns=\"http:\/\/www.w3.org\/2000\/svg\"><path d=\"M416 208H32c-17.67 0-32 14.33-32 32v32c0 17.67 14.33 32 32 32h384c17.67 0 32-14.33 32-32v-32c0-17.67-14.33-32-32-32z\"><\/path><\/svg><\/span>\n\t\t\t<span class='e-closed'><svg aria-hidden=\"true\" class=\"e-font-icon-svg e-fas-plus\" viewBox=\"0 0 448 512\" xmlns=\"http:\/\/www.w3.org\/2000\/svg\"><path d=\"M416 208H272V64c0-17.67-14.33-32-32-32h-32c-17.67 0-32 14.33-32 32v144H32c-17.67 0-32 14.33-32 32v32c0 17.67 14.33 32 32 32h144v144c0 17.67 14.33 32 32 32h32c17.67 0 32-14.33 32-32V304h144c17.67 0 32-14.33 32-32v-32c0-17.67-14.33-32-32-32z\"><\/path><\/svg><\/span>\n\t\t<\/span>\n\n\t\t\t\t\t\t<\/summary>\n\t\t\t\t<div role=\"region\" aria-labelledby=\"e-n-accordion-item-3221\" class=\"elementor-element elementor-element-fa3bd76 e-con-full e-flex e-con e-child\" data-id=\"fa3bd76\" data-element_type=\"container\">\r\n\t\t\t\t<div class=\"elementor-element elementor-element-04ed264 elementor-widget elementor-widget-text-editor\" data-id=\"04ed264\" data-element_type=\"widget\" data-widget_type=\"text-editor.default\">\n\t\t\t\t<div class=\"elementor-widget-container\">\n\t\t\t\t\t\t\t\t\t<table border=\"0\" width=\"650\" cellspacing=\"2\" cellpadding=\"2\"><tbody><tr><td class=\"style18\" height=\"100%\">Akreditasyonla ilgili ulusal ve uluslararas\u0131 d\u00fczenlemeler, bu konuda bir mecburiyet getirmemektedir. Akreditasyon, tamamen g\u00f6n\u00fcll\u00fcl\u00fck esas\u0131na dayanmaktad\u0131r.<\/td><\/tr><\/tbody><\/table><p>\u00a0<\/p>\t\t\t\t\t\t\t\t<\/div>\n\t\t\t\t<\/div>\n\t\t\t\t<\/div>\n\t\t\t\t\t<\/details>\n\t\t\t\t\t\t<details id=\"e-n-accordion-item-3222\" class=\"e-n-accordion-item\" >\n\t\t\t\t<summary class=\"e-n-accordion-item-title\" data-accordion-index=\"3\" tabindex=\"-1\" aria-expanded=\"false\" aria-controls=\"e-n-accordion-item-3222\" >\n\t\t\t\t\t<span class='e-n-accordion-item-title-header'><div class=\"e-n-accordion-item-title-text\"> \t\"CE i\u015fareti\" k\u0131saca nedir? <\/div><\/span>\n\t\t\t\t\t\t\t<span class='e-n-accordion-item-title-icon'>\n\t\t\t<span class='e-opened' ><svg aria-hidden=\"true\" class=\"e-font-icon-svg e-fas-minus\" viewBox=\"0 0 448 512\" xmlns=\"http:\/\/www.w3.org\/2000\/svg\"><path d=\"M416 208H32c-17.67 0-32 14.33-32 32v32c0 17.67 14.33 32 32 32h384c17.67 0 32-14.33 32-32v-32c0-17.67-14.33-32-32-32z\"><\/path><\/svg><\/span>\n\t\t\t<span class='e-closed'><svg aria-hidden=\"true\" class=\"e-font-icon-svg e-fas-plus\" viewBox=\"0 0 448 512\" xmlns=\"http:\/\/www.w3.org\/2000\/svg\"><path d=\"M416 208H272V64c0-17.67-14.33-32-32-32h-32c-17.67 0-32 14.33-32 32v144H32c-17.67 0-32 14.33-32 32v32c0 17.67 14.33 32 32 32h144v144c0 17.67 14.33 32 32 32h32c17.67 0 32-14.33 32-32V304h144c17.67 0 32-14.33 32-32v-32c0-17.67-14.33-32-32-32z\"><\/path><\/svg><\/span>\n\t\t<\/span>\n\n\t\t\t\t\t\t<\/summary>\n\t\t\t\t<div role=\"region\" aria-labelledby=\"e-n-accordion-item-3222\" class=\"elementor-element elementor-element-2c77283 e-con-full e-flex e-con e-child\" data-id=\"2c77283\" data-element_type=\"container\">\r\n\t\t<div role=\"region\" aria-labelledby=\"e-n-accordion-item-3222\" class=\"elementor-element elementor-element-c7ae24e e-flex e-con-boxed e-con e-child\" data-id=\"c7ae24e\" data-element_type=\"container\">\r\n\t\t\t\t\t<div class=\"e-con-inner\">\r\n\t\t\t\t<div class=\"elementor-element elementor-element-656371c elementor-widget elementor-widget-text-editor\" data-id=\"656371c\" data-element_type=\"widget\" data-widget_type=\"text-editor.default\">\n\t\t\t\t<div class=\"elementor-widget-container\">\n\t\t\t\t\t\t\t\t\t<p>CE i\u015fareti, Avrupa Birli\u011fi&#8217;nin, teknik mevzuat uyumu \u00e7er\u00e7evesinde 1985 y\u0131l\u0131nda benimsedi\u011fi Yeni Yakla\u015f\u0131m Politikas\u0131 kapsam\u0131nda haz\u0131rlanan baz\u0131 Yeni Yakla\u015f\u0131m Direktifleri kapsam\u0131na giren \u00fcr\u00fcnlerin bu direktiflere uygun oldu\u011funu ve \u00fcr\u00fcn\u00fcn \u00fcreticisi veya direktifte zorunlu k\u0131l\u0131nm\u0131\u015f ise bir \u00fc\u00e7\u00fcnc\u00fc taraf uygunluk de\u011ferlendirme kurulu\u015fu (onaylanm\u0131\u015f kurulu\u015f vs.) gerekli b\u00fct\u00fcn uygunluk de\u011ferlendirme faaliyetlerinden ge\u00e7ti\u011fini g\u00f6steren bir Birlik i\u015faretidir. CE \u0130\u015fareti, \u00fcr\u00fcnlerin, amac\u0131na uygun kullan\u0131lmas\u0131 halinde insan can ve mal g\u00fcvenli\u011fi, bitki ve hayvan varl\u0131\u011f\u0131 ile \u00e7evreye zarar vermeyece\u011fini, di\u011fer bir ifadeyle \u00fcr\u00fcn\u00fcn g\u00fcvenli bir \u00fcr\u00fcn oldu\u011funu g\u00f6steren bir i\u015farettir. \u0130lgili direktif bu temel gereklerden bir k\u0131sm\u0131n\u0131n veya tamam\u0131n\u0131n kar\u015f\u0131lanmas\u0131na y\u00f6nelik olabilir. Bunun yan\u0131s\u0131ra, CE \u0130\u015faretini gerektiren direktiflerin baz\u0131lar\u0131 g\u00fcvenlikten farkl\u0131 boyutlarla (\u00f6rne\u011fin; elektromanyetik uyumluluk, enerji verimlili\u011fi gibi) da ilgili olabilmektedir. CE i\u015fareti a\u015fa\u011f\u0131daki \u015fekilde sembolize edilmektedir:\u00a0<\/p>\t\t\t\t\t\t\t\t<\/div>\n\t\t\t\t<\/div>\n\t\t\t\t\t<\/div>\n\t\t\t\t<\/div>\n\t\t\t\t<\/div>\n\t\t\t\t\t<\/details>\n\t\t\t\t\t\t<details id=\"e-n-accordion-item-3223\" class=\"e-n-accordion-item\" >\n\t\t\t\t<summary class=\"e-n-accordion-item-title\" data-accordion-index=\"4\" tabindex=\"-1\" aria-expanded=\"false\" aria-controls=\"e-n-accordion-item-3223\" >\n\t\t\t\t\t<span class='e-n-accordion-item-title-header'><div class=\"e-n-accordion-item-title-text\"> \"CE i\u015fareti\" neden \u00f6nemlidir?  <\/div><\/span>\n\t\t\t\t\t\t\t<span class='e-n-accordion-item-title-icon'>\n\t\t\t<span class='e-opened' ><svg aria-hidden=\"true\" class=\"e-font-icon-svg e-fas-minus\" viewBox=\"0 0 448 512\" xmlns=\"http:\/\/www.w3.org\/2000\/svg\"><path d=\"M416 208H32c-17.67 0-32 14.33-32 32v32c0 17.67 14.33 32 32 32h384c17.67 0 32-14.33 32-32v-32c0-17.67-14.33-32-32-32z\"><\/path><\/svg><\/span>\n\t\t\t<span class='e-closed'><svg aria-hidden=\"true\" class=\"e-font-icon-svg e-fas-plus\" viewBox=\"0 0 448 512\" xmlns=\"http:\/\/www.w3.org\/2000\/svg\"><path d=\"M416 208H272V64c0-17.67-14.33-32-32-32h-32c-17.67 0-32 14.33-32 32v144H32c-17.67 0-32 14.33-32 32v32c0 17.67 14.33 32 32 32h144v144c0 17.67 14.33 32 32 32h32c17.67 0 32-14.33 32-32V304h144c17.67 0 32-14.33 32-32v-32c0-17.67-14.33-32-32-32z\"><\/path><\/svg><\/span>\n\t\t<\/span>\n\n\t\t\t\t\t\t<\/summary>\n\t\t\t\t<div role=\"region\" aria-labelledby=\"e-n-accordion-item-3223\" class=\"elementor-element elementor-element-cb2752f e-con-full e-flex e-con e-child\" data-id=\"cb2752f\" data-element_type=\"container\">\r\n\t\t<div role=\"region\" aria-labelledby=\"e-n-accordion-item-3223\" class=\"elementor-element elementor-element-3adc6cb e-flex e-con-boxed e-con e-child\" data-id=\"3adc6cb\" data-element_type=\"container\">\r\n\t\t\t\t\t<div class=\"e-con-inner\">\r\n\t\t\t\t<div class=\"elementor-element elementor-element-9ada54d elementor-widget elementor-widget-text-editor\" data-id=\"9ada54d\" data-element_type=\"widget\" data-widget_type=\"text-editor.default\">\n\t\t\t\t<div class=\"elementor-widget-container\">\n\t\t\t\t\t\t\t\t\t<table border=\"0\" width=\"650\" cellspacing=\"2\" cellpadding=\"2\"><tbody><tr><td class=\"style18\" height=\"100%\">&#8220;CE i\u015fareti&#8221;, Avrupa Birli\u011fi&#8217;nin uyulmas\u0131 mecburi olan birtak\u0131m Yeni Yakla\u015f\u0131m Direktifleri kapsam\u0131nda yer alan \u00fcr\u00fcnlere ili\u015ftirilen bir i\u015faret oldu\u011fu i\u00e7in, s\u00f6z konusu mevzuat kapsam\u0131na giren ve AB \u00fcyesi \u00fclkelerde piyasaya arz edilecek olan \u00fcr\u00fcnlerin bu i\u015fareti ta\u015f\u0131mas\u0131 zorunludur. Di\u011fer bir ifadeyle, bu i\u015faret, \u00fcr\u00fcnlerin, AB \u00fcyesi \u00fclkelerde serbest dola\u015f\u0131ma \u00e7\u0131kabilmesi i\u00e7in bir \u00e7e\u015fit pasaport i\u015flevi g\u00f6rmektedir. T\u00fcrkiye&#8217;nin de Avrupa Birli\u011fi mevzuat\u0131n\u0131 uyumla\u015ft\u0131rarak uygulayacak olmas\u0131 nedeniyle, ilgili mevzuat\u0131n y\u00fcr\u00fcrl\u00fc\u011fe girmesiyle birlikte, \u00fclkemizde piyasaya arz edilecek \u00fcr\u00fcnlerin de bu i\u015fareti ta\u015f\u0131mas\u0131 zorunlu hale gelmektedir.<\/td><\/tr><\/tbody><\/table>\t\t\t\t\t\t\t\t<\/div>\n\t\t\t\t<\/div>\n\t\t\t\t\t<\/div>\n\t\t\t\t<\/div>\n\t\t\t\t<\/div>\n\t\t\t\t\t<\/details>\n\t\t\t\t\t<\/div>\n\t\t\t\t\t\t<\/div>\n\t\t\t\t<\/div>\n\t\t\t\t\t<\/div>\n\t\t\t\t<\/div>\n\t\t\t\t<\/div>\n\t\t","protected":false},"excerpt":{"rendered":"<p>Metroloji ve Kalibrasyon Nedir? Ne i\u00e7in gereklidir? Metrolojinin ve Kalibrasyonun, d\u00fcnyada ve \u00fclkemizde neden gerekli oldu\u011fu konusuna k\u0131saca temas etmekte fayda vard\u0131r. \u00d6ncelikle neden metroloji ve kalibrasyona ihtiya\u00e7 duyulmu\u015ftur ve neden duyulmak zorundad\u0131r? Bu sorular\u0131n cevab\u0131n\u0131 vermek i\u00e7in bir ka\u00e7 olay\u0131 burada zikretmekte fayda vard\u0131r. Acaba insanlar, do\u011fru \u00f6l\u00e7meyen bir t\u0131bbi te\u015fhis veya tedavi cihaz\u0131 [&hellip;]<\/p>\n","protected":false},"author":1,"featured_media":0,"parent":0,"menu_order":0,"comment_status":"closed","ping_status":"closed","template":"elementor_theme","meta":{"footnotes":""},"class_list":["post-642","page","type-page","status-publish","hentry"],"_links":{"self":[{"href":"https:\/\/optomed.com.tr\/index.php?rest_route=\/wp\/v2\/pages\/642","targetHints":{"allow":["GET"]}}],"collection":[{"href":"https:\/\/optomed.com.tr\/index.php?rest_route=\/wp\/v2\/pages"}],"about":[{"href":"https:\/\/optomed.com.tr\/index.php?rest_route=\/wp\/v2\/types\/page"}],"author":[{"embeddable":true,"href":"https:\/\/optomed.com.tr\/index.php?rest_route=\/wp\/v2\/users\/1"}],"replies":[{"embeddable":true,"href":"https:\/\/optomed.com.tr\/index.php?rest_route=%2Fwp%2Fv2%2Fcomments&post=642"}],"version-history":[{"count":0,"href":"https:\/\/optomed.com.tr\/index.php?rest_route=\/wp\/v2\/pages\/642\/revisions"}],"wp:attachment":[{"href":"https:\/\/optomed.com.tr\/index.php?rest_route=%2Fwp%2Fv2%2Fmedia&parent=642"}],"curies":[{"name":"wp","href":"https:\/\/api.w.org\/{rel}","templated":true}]}}