{"id":628,"date":"2025-01-08T19:37:16","date_gmt":"2025-01-08T19:37:16","guid":{"rendered":"https:\/\/ozsanmedya.com\/optomed\/?page_id=628"},"modified":"2025-01-08T19:37:16","modified_gmt":"2025-01-08T19:37:16","slug":"hizmetlerimiz","status":"publish","type":"page","link":"https:\/\/optomed.com.tr\/?page_id=628","title":{"rendered":"Hizmetlerimiz"},"content":{"rendered":"\t\t<div data-elementor-type=\"wp-page\" data-elementor-id=\"628\" class=\"elementor elementor-628\">\n\t\t\t\t\t\t<section class=\"elementor-section elementor-top-section elementor-element elementor-element-eaa34f0 elementor-section-content-middle overflow-hidden pt-md-4 pt-xl-0 elementor-section-boxed elementor-section-height-default elementor-section-height-default\" data-id=\"eaa34f0\" data-element_type=\"section\">\r\n\t\t\r\n\t\t\t\t\t\t\t<div class=\"elementor-container elementor-column-gap-default\">\r\n\t\t\t\t\t\t\t\t\t\t\t<div class=\"elementor-column elementor-col-50 elementor-top-column elementor-element elementor-element-0d69718\" data-id=\"0d69718\" data-element_type=\"column\">\r\n\t\t\t\t\t<div class=\"elementor-widget-wrap elementor-element-populated\">\r\n\t\t\t\t\t\t\t\t<div class=\"elementor-element elementor-element-173733e elementor-invisible elementor-widget elementor-widget-heading\" data-id=\"173733e\" data-element_type=\"widget\" data-settings=\"{&quot;_animation&quot;:&quot;fadeInUp&quot;,&quot;_animation_delay&quot;:100}\" data-widget_type=\"heading.default\">\n\t\t\t\t<div class=\"elementor-widget-container\">\n\t\t\t\t\t<h2 class=\"elementor-heading-title elementor-size-default\">Hizmetlerimiz<\/h2>\t\t\t\t<\/div>\n\t\t\t\t<\/div>\n\t\t\t\t<div class=\"elementor-element elementor-element-1fab520 customLineProgressAnim my-3 elementor-widget-divider--view-line elementor-invisible elementor-widget elementor-widget-divider\" data-id=\"1fab520\" data-element_type=\"widget\" data-settings=\"{&quot;_animation&quot;:&quot;fadeIn&quot;,&quot;_animation_delay&quot;:300}\" data-widget_type=\"divider.default\">\n\t\t\t\t<div class=\"elementor-widget-container\">\n\t\t\t\t\t\t\t<div class=\"elementor-divider\">\n\t\t\t<span class=\"elementor-divider-separator\">\n\t\t\t\t\t\t<\/span>\n\t\t<\/div>\n\t\t\t\t\t\t<\/div>\n\t\t\t\t<\/div>\n\t\t\t\t<div class=\"elementor-element elementor-element-6163c4d mb-4 elementor-invisible elementor-widget elementor-widget-heading\" data-id=\"6163c4d\" data-element_type=\"widget\" data-settings=\"{&quot;_animation&quot;:&quot;fadeInUp&quot;,&quot;_animation_delay&quot;:450}\" data-widget_type=\"heading.default\">\n\t\t\t\t<div class=\"elementor-widget-container\">\n\t\t\t\t\t<p class=\"elementor-heading-title elementor-size-default\">OPTOMED Kalibrasyon; sahip oldu\u011fu kalibrasyon ve deney akreditasyon belgeleri \u0131\u015f\u0131\u011f\u0131nda kazanm\u0131\u015f oldu\u011fu deneyim ve tecr\u00fcbelerle, ilgili kapsamlarda uygulama ve kalite sistem e\u011fitimleri ile hizmet sunmaktad\u0131r.<\/p>\t\t\t\t<\/div>\n\t\t\t\t<\/div>\n\t\t\t\t<div class=\"elementor-element elementor-element-7b1dc40 pb-1 mb-4 elementor-invisible elementor-widget elementor-widget-heading\" data-id=\"7b1dc40\" data-element_type=\"widget\" data-settings=\"{&quot;_animation&quot;:&quot;fadeInUp&quot;,&quot;_animation_delay&quot;:700}\" data-widget_type=\"heading.default\">\n\t\t\t\t<div class=\"elementor-widget-container\">\n\t\t\t\t\t<p class=\"elementor-heading-title elementor-size-default\">OPTOMED Kalibrasyon; akredite hizmet sunumlar\u0131 ile biyomedikal ve end\u00fcstriyel \u00f6l\u00e7\u00fcmleme hizmeti ve kalibrat\u00f6r ve test cihazlar\u0131n\u0131n kalite testleri yapmaktad\u0131r. T\u00fcrkiye'de ilk ve tek akredite OPT\u0130K KAL\u0130BRASYON laboratuar\u0131na ve en geni\u015f kapsaml\u0131 akredite B\u0130YOMED\u0130KAL DENEY laboratuar\u0131na sahiptir.<\/p>\t\t\t\t<\/div>\n\t\t\t\t<\/div>\n\t\t\t\t<div class=\"elementor-element elementor-element-6de4f04 elementor-widget elementor-widget-text-editor\" data-id=\"6de4f04\" data-element_type=\"widget\" data-widget_type=\"text-editor.default\">\n\t\t\t\t<div class=\"elementor-widget-container\">\n\t\t\t\t\t\t\t\t\t<p>\u00a0<\/p><p><strong style=\"color: inherit; font-family: inherit; font-size: inherit; letter-spacing: inherit;\">OPTOMED Kalibrasyon<\/strong><span style=\"color: inherit; font-family: inherit; font-size: inherit; font-weight: inherit; letter-spacing: inherit;\">; kalibrat\u00f6r ve test cihazlar\u0131n\u0131n kalite testlerini, bak\u0131m ve onar\u0131mlar\u0131m hizmetlerini sunmaktad\u0131r.<\/span><\/p><p><strong>OPTOMED Kalibrasyon<\/strong>; anahtar teslim kalite testleri ve \u00f6l\u00e7\u00fcmleme laboratuar kurulumunda T\u00fcrkiye&#8217;nin en geni\u015f deneyim ve tecr\u00fcbeye sahip firmas\u0131d\u0131r. Laboratuar kurulumu hizmetlerinde cihaz sat\u0131\u015f, akreditasyon ve belgelendirme alanlar\u0131nda dan\u0131\u015fmanl\u0131k hizmetleri vermektedir.<\/p><p><strong>OPTOMED Kalibrasyon<\/strong>; biyomedikal ama\u00e7l\u0131 \u00f6l\u00e7\u00fcmleme ve kalibrasyon alanlar\u0131nda klinik m\u00fchendisli\u011finin t\u00fcm ihtiya\u00e7lar\u0131na cevap verebilir nitelikte akredite \u00f6l\u00e7\u00fcmleme ve dan\u0131\u015fmanl\u0131k hizmetleri sunmaktad\u0131r.<\/p>\t\t\t\t\t\t\t\t<\/div>\n\t\t\t\t<\/div>\n\t\t\t\t<section class=\"elementor-section elementor-inner-section elementor-element elementor-element-fb4e07c elementor-section-content-middle elementor-section-boxed elementor-section-height-default elementor-section-height-default\" data-id=\"fb4e07c\" data-element_type=\"section\">\r\n\t\t\r\n\t\t\t\t\t\t\t<div class=\"elementor-container elementor-column-gap-no\">\r\n\t\t\t\t\t\t\t\t\t\t\t<div class=\"elementor-column elementor-col-100 elementor-inner-column elementor-element elementor-element-022e130 custom-view-more\" data-id=\"022e130\" data-element_type=\"column\">\r\n\t\t\t\t\t<div class=\"elementor-widget-wrap elementor-element-populated\">\r\n\t\t\t\t\t\t\t\t<div class=\"elementor-element elementor-element-46472d7 w-auto  me-sm-2 mb-0 elementor-invisible elementor-widget elementor-widget-porto_button\" data-id=\"46472d7\" data-element_type=\"widget\" data-settings=\"{&quot;_animation&quot;:&quot;fadeInLeft&quot;,&quot;_animation_delay&quot;:1300}\" data-widget_type=\"porto_button.default\">\n\t\t\t\t<div class=\"elementor-widget-container\">\n\t\t\t\t\t<a aria-label=\"button\" class=\"btn btn-md btn-full-rounded\" href=\"https:\/\/www.portotheme.com\/wordpress\/porto\/elementor\/auto-services\/about\/\"><span >Bizi Aray\u0131n<\/span><\/a>\t\t\t\t<\/div>\n\t\t\t\t<\/div>\n\t\t\t\t<div class=\"elementor-element elementor-element-a035fbc w-md-max w-auto custom-phone ms-md-4 mb-0  only-left elementor-invisible elementor-widget elementor-widget-porto_info_box\" data-id=\"a035fbc\" data-element_type=\"widget\" data-settings=\"{&quot;_animation&quot;:&quot;fadeInLeft&quot;,&quot;_animation_delay&quot;:1500}\" data-widget_type=\"porto_info_box.default\">\n\t\t\t\t<div class=\"elementor-widget-container\">\n\t\t\t\t\t<a class=\"porto-sicon-box-link\" href=\"tel:+1234567890\"><div class=\"porto-sicon-box style_1 default-icon\"><div class=\"porto-sicon-default\"><div class=\"porto-just-icon-wrapper porto-icon none\" style=\"margin-right:4px;\"><i class=\"porto-icon-phone-1\"><\/i><\/div><\/div><div class=\"porto-sicon-header\"><h3 class=\"porto-sicon-title\" style=\"\">Telefon<\/h3><p >+90 0216 489 45 82 - 92<\/p><\/div> <!-- header --><\/div><!-- porto-sicon-box --><\/a>\t\t\t\t<\/div>\n\t\t\t\t<\/div>\n\t\t\t\t\t<\/div>\r\n\t\t\t\t<\/div>\r\n\t\t\t\t\t<\/div>\r\n\t\t\t\t<\/section>\r\n\t\t\t\t\t<\/div>\r\n\t\t\t\t<\/div>\r\n\t\t\t\t<div class=\"elementor-column elementor-col-50 elementor-top-column elementor-element elementor-element-338c91a ps-lg-5 pe-5 custom-auto-img\" data-id=\"338c91a\" data-element_type=\"column\">\r\n\t\t\t\t\t<div class=\"elementor-widget-wrap elementor-element-populated\">\r\n\t\t\t\t\t\t\t\t<div class=\"elementor-element elementor-element-fbd58ed elementor-widget elementor-widget-image\" data-id=\"fbd58ed\" data-element_type=\"widget\" data-widget_type=\"image.default\">\n\t\t\t\t<div class=\"elementor-widget-container\">\n\t\t\t\t\t\t\t\t\t\t\t\t\t\t\t<img fetchpriority=\"high\" decoding=\"async\" width=\"550\" height=\"463\" src=\"https:\/\/optomed.com.tr\/wp-content\/uploads\/2025\/01\/is_semasi.jpg\" class=\"attachment-full size-full wp-image-631\" alt=\"\" srcset=\"https:\/\/optomed.com.tr\/wp-content\/uploads\/2025\/01\/is_semasi.jpg 550w, https:\/\/optomed.com.tr\/wp-content\/uploads\/2025\/01\/is_semasi-400x337.jpg 400w\" sizes=\"(max-width: 550px) 100vw, 550px\" \/>\t\t\t\t\t\t\t\t\t\t\t\t\t\t\t<\/div>\n\t\t\t\t<\/div>\n\t\t\t\t<div class=\"elementor-element elementor-element-0b83c98 w-auto auto-1 transform3dxy-n50 elementor-widget elementor-widget-image\" data-id=\"0b83c98\" data-element_type=\"widget\" data-widget_type=\"image.default\">\n\t\t\t\t<div class=\"elementor-widget-container\">\n\t\t\t\t\t\t\t\t\t\t\t\t\t\t\t<img decoding=\"async\" width=\"35\" height=\"35\" src=\"https:\/\/optomed.com.tr\/wp-content\/uploads\/2025\/01\/generic-1-1-1.png\" class=\"attachment-full size-full wp-image-685\" alt=\"\" \/>\t\t\t\t\t\t\t\t\t\t\t\t\t\t\t<\/div>\n\t\t\t\t<\/div>\n\t\t\t\t<div class=\"elementor-element elementor-element-c391c66 w-auto auto-2 transform3dxy-n50 elementor-widget elementor-widget-image\" data-id=\"c391c66\" data-element_type=\"widget\" data-widget_type=\"image.default\">\n\t\t\t\t<div class=\"elementor-widget-container\">\n\t\t\t\t\t\t\t\t\t\t\t\t\t\t\t<img decoding=\"async\" width=\"75\" height=\"75\" src=\"https:\/\/optomed.com.tr\/wp-content\/uploads\/2025\/01\/generic-1-2.png\" class=\"attachment-full size-full wp-image-686\" alt=\"\" \/>\t\t\t\t\t\t\t\t\t\t\t\t\t\t\t<\/div>\n\t\t\t\t<\/div>\n\t\t\t\t<div class=\"elementor-element elementor-element-841c6e9 w-auto auto-3 transform3dxy-n50 elementor-widget elementor-widget-image\" data-id=\"841c6e9\" data-element_type=\"widget\" data-widget_type=\"image.default\">\n\t\t\t\t<div class=\"elementor-widget-container\">\n\t\t\t\t\t\t\t\t\t\t\t\t\t\t\t<img loading=\"lazy\" decoding=\"async\" width=\"57\" height=\"57\" src=\"https:\/\/optomed.com.tr\/wp-content\/uploads\/2025\/01\/generic-1-3.png\" class=\"attachment-full size-full wp-image-687\" alt=\"\" \/>\t\t\t\t\t\t\t\t\t\t\t\t\t\t\t<\/div>\n\t\t\t\t<\/div>\n\t\t\t\t\t<\/div>\r\n\t\t\t\t<\/div>\r\n\t\t\t\t\t<\/div>\r\n\t\t\t\t<\/section>\r\n\t\t\t\t<\/div>\n\t\t","protected":false},"excerpt":{"rendered":"<p>Hizmetlerimiz OPTOMED Kalibrasyon; sahip oldu\u011fu kalibrasyon ve deney akreditasyon belgeleri \u0131\u015f\u0131\u011f\u0131nda kazanm\u0131\u015f oldu\u011fu deneyim ve tecr\u00fcbelerle, ilgili kapsamlarda uygulama ve kalite sistem e\u011fitimleri ile hizmet sunmaktad\u0131r. OPTOMED Kalibrasyon; akredite hizmet sunumlar\u0131 ile biyomedikal ve end\u00fcstriyel \u00f6l\u00e7\u00fcmleme hizmeti ve kalibrat\u00f6r ve test cihazlar\u0131n\u0131n kalite testleri yapmaktad\u0131r. T\u00fcrkiye&#8217;de ilk ve tek akredite OPT\u0130K KAL\u0130BRASYON laboratuar\u0131na ve en [&hellip;]<\/p>\n","protected":false},"author":1,"featured_media":0,"parent":0,"menu_order":0,"comment_status":"closed","ping_status":"closed","template":"elementor_theme","meta":{"footnotes":""},"class_list":["post-628","page","type-page","status-publish","hentry"],"_links":{"self":[{"href":"https:\/\/optomed.com.tr\/index.php?rest_route=\/wp\/v2\/pages\/628","targetHints":{"allow":["GET"]}}],"collection":[{"href":"https:\/\/optomed.com.tr\/index.php?rest_route=\/wp\/v2\/pages"}],"about":[{"href":"https:\/\/optomed.com.tr\/index.php?rest_route=\/wp\/v2\/types\/page"}],"author":[{"embeddable":true,"href":"https:\/\/optomed.com.tr\/index.php?rest_route=\/wp\/v2\/users\/1"}],"replies":[{"embeddable":true,"href":"https:\/\/optomed.com.tr\/index.php?rest_route=%2Fwp%2Fv2%2Fcomments&post=628"}],"version-history":[{"count":0,"href":"https:\/\/optomed.com.tr\/index.php?rest_route=\/wp\/v2\/pages\/628\/revisions"}],"wp:attachment":[{"href":"https:\/\/optomed.com.tr\/index.php?rest_route=%2Fwp%2Fv2%2Fmedia&parent=628"}],"curies":[{"name":"wp","href":"https:\/\/api.w.org\/{rel}","templated":true}]}}